{"id":3151,"date":"2024-11-14T00:45:00","date_gmt":"2024-11-14T00:45:00","guid":{"rendered":"https:\/\/genderjourney.eu\/?page_id=3151"},"modified":"2025-05-12T15:52:28","modified_gmt":"2025-05-12T15:52:28","slug":"meroprijatia","status":"publish","type":"page","link":"https:\/\/genderjourney.eu\/ru\/meroprijatia\/","title":{"rendered":"\u041c\u0415\u0420\u041e\u041f\u0420\u0418\u042f\u0422\u0418\u042f 2024-2025"},"content":{"rendered":"\n<ul class=\"wp-block-list\">\n<li><strong><a href=\"https:\/\/genderjourney.eu\/et\/tegevused2022\/koolitused\/\"><mark>Koolitused<\/mark><\/a><\/strong>&nbsp;(9. Novembril Toilas ka 30. Detsembris Tartus; Jaanuaris 2025 Tallinnas) - peamine eesm\u00e4rk on koolitada sihtr\u00fchma esindajaid soolise v\u00f5rd\u00f5iguslikkuse, peremudelite, soorollide, soolise palgal\u00f5he, v\u00f5rdse kohtlemise ja \u00e4sja Eestis vastu v\u00f5etud sooneutraalse abielu teemal. K\u00f5igil kolmel koolitusel osaleb 100 osalejat.<\/li>\n\n\n\n<li><strong><a href=\"https:\/\/genderjourney.eu\/et\/tegevused2022\/oppevisiit\/\"><mark>\u00d5ppevisiit<\/mark>&nbsp;<\/a><\/strong>12 detsembril 2024 Tallinnas, annab vajalikke praktilisi oskusi ja \u00f5pib inim\u00f5iguste organisatsioonidelt ja avaliku institutsioonidelt, kuidas v\u00f5idelda soolise v\u00f5rd\u00f5iguslikkuse eest ja edendada v\u00f5rdset kohtlemist oma kogukonnas. K\u00fclastame ja \u00f5pime Eesti Inim\u00f5iguste Keskuse, LGBTQ-liikumise, soolise v\u00f5rd\u00f5iguslikkuse ja v\u00f5rdse kohtlemise voliniku b\u00fcroo ning viime l\u00e4bi kohtumise ettev\u00f5tete esindajatega, kes on loonud vajaliku keskkonna ja teenused soolise v\u00f5rd\u00f5iguslikkuse saavutamiseks t\u00f6\u00f6kohal. \u00dcritusel osaleb 30 osalejat.<\/li>\n\n\n\n<li><em><strong><a href=\"https:\/\/genderjourney.eu\/et\/tegevused2022\/praktilised-arutelud\/\" target=\"_blank\" rel=\"noreferrer noopener\"><mark>Koost\u00f6\u00f6 ja arutelu kohtumine<\/mark><\/a><\/strong>&nbsp;(Jaanuaris 2025 Tallinnas) noortele t\u00fcdrukutele, naisettev\u00f5tjatele ja ettev\u00f5tjatele - see programm annab naistele rohkem v\u00f5imalusi, sest naistel on \u00fcldiselt v\u00e4hem ettev\u00f5tluskogemust kui meestel. Selle tegevusega tahame luua soodsa keskkonna naiste ettev\u00f5tluse arenguks; edendada naisettev\u00f5tjatele m\u00f5eldud vahendeid ja tugiteenuseid. Parandada naiste ettev\u00f5tlusoskusi, viies l\u00e4bi 2 kahep\u00e4evast praktilist koolitus- ja arutelup\u00e4eva, mis on t\u00e4is oskusi noortele t\u00fcdrukutele, naisettev\u00f5tjatele, kaasates kohalikke ettev\u00f5tteid. 60 inimest osaleb kahel praktilisel koolitus- ja arutelup\u00e4eval.<\/em><\/li>\n\n\n\n<li><strong><a href=\"https:\/\/genderjourney.eu\/et\/tegevused2022\/umarlaud\/\"><mark>\u00dcmarlaud<\/mark>&nbsp;<\/a><\/strong>(Jaanuaris 2025 Narvas) - mis parandab valdkondliku spetsialistide koost\u00f6\u00f6d valitsuse, kodaniku\u00fchiskonna ja ettev\u00f5tjate vahel ning arutab \u00fchiselt, kuidas me k\u00f5ik saaksime s\u00fcvenema soolise v\u00f5rd\u00f5iguslikkuse ja v\u00f5rdsekohtlemise poliitikat eritasandil ja laiendada naiste juurdep\u00e4\u00e4s ressurssidele,&nbsp;<em>poliitilise<\/em>&nbsp;osalusele. \u00dcmarlaual osaleb 30 inimest.<\/li>\n\n\n\n<li><strong><a href=\"https:\/\/genderjourney.eu\/tegevused\/konverents\/\"><mark>Soolise v\u00f5rd\u00f5iguslikkuse ja v\u00f5rdsekohtlemise konverents (konverents+arutelud, t\u00f6\u00f6toad)\u00a0<\/mark><\/a><\/strong>(23. mai 2025) - mille raames toimub konstruktiivne arvamuste- ja m\u00f5ttedevahetus, samuti projekti kokkuv\u00f5tete tegemiseks ja \u00fcldiste avalduste koostamiseks. Kutsutud v\u00f5tmeotsustajad, sidusr\u00fchmad, kogukonna juhid ja projekti aktiivsed osalejad. Konverentsil edendatakse arutelu soorollide ja stereot\u00fc\u00fcpide \u00fcle, mis on vajalik konstruktiivsete lahenduste leidmiseks. Arendatakse diskussioni \u00fchiskonnas valdkonna t\u00e4htsatel teemadel ning antakse konstruktiivseid teadmisi ja oskusi soolise v\u00f5rd\u00f5iguslikkuse kohta hariduss\u00fcsteemis, perekonnas ja naised poliitikas, et tagada varajane sekkumine eelarvamuste ja stereot\u00fc\u00fcpide kinnistumisse. Lisaks juba tehtud konkreetsele t\u00f6\u00f6le lisab konverents teemale uue m\u00f5\u00f5tme, kaasates tunnustatud ekspertide seisukohti.\u00a0<strong>Soolise v\u00f5rd\u00f5iguslikkuse konverentsi 2025. aasta peateema t\u00e4psustamisel.<\/strong>\u00a0Konverentsil osaleb kuni 100 inimest.<\/li>\n<\/ul>\n\n\n\n<p>Vaata p\u00f5hjalikult \u00fcrituste \u00fclevaade iga \u00fcrituste all.<\/p>\n","protected":false},"excerpt":{"rendered":"<p>Vaata p\u00f5hjalikult \u00fcrituste \u00fclevaade iga \u00fcrituste all.<\/p>\n","protected":false},"author":3,"featured_media":0,"parent":0,"menu_order":0,"comment_status":"closed","ping_status":"closed","template":"","meta":{"_editorskit_title_hidden":false,"_editorskit_reading_time":0,"_editorskit_is_block_options_detached":false,"_editorskit_block_options_position":"{}","ngg_post_thumbnail":0,"vkexunit_cta_each_option":"","footnotes":""},"class_list":["post-3151","page","type-page","status-publish","hentry"],"_links":{"self":[{"href":"https:\/\/genderjourney.eu\/ru\/wp-json\/wp\/v2\/pages\/3151","targetHints":{"allow":["GET"]}}],"collection":[{"href":"https:\/\/genderjourney.eu\/ru\/wp-json\/wp\/v2\/pages"}],"about":[{"href":"https:\/\/genderjourney.eu\/ru\/wp-json\/wp\/v2\/types\/page"}],"author":[{"embeddable":true,"href":"https:\/\/genderjourney.eu\/ru\/wp-json\/wp\/v2\/users\/3"}],"replies":[{"embeddable":true,"href":"https:\/\/genderjourney.eu\/ru\/wp-json\/wp\/v2\/comments?post=3151"}],"version-history":[{"count":2,"href":"https:\/\/genderjourney.eu\/ru\/wp-json\/wp\/v2\/pages\/3151\/revisions"}],"predecessor-version":[{"id":3485,"href":"https:\/\/genderjourney.eu\/ru\/wp-json\/wp\/v2\/pages\/3151\/revisions\/3485"}],"wp:attachment":[{"href":"https:\/\/genderjourney.eu\/ru\/wp-json\/wp\/v2\/media?parent=3151"}],"curies":[{"name":"wp","href":"https:\/\/api.w.org\/{rel}","templated":true}]}}