{"id":73,"date":"2022-08-24T12:35:54","date_gmt":"2022-08-24T12:35:54","guid":{"rendered":"https:\/\/genderjourney.eu\/?page_id=73"},"modified":"2023-09-20T23:53:11","modified_gmt":"2023-09-20T23:53:11","slug":"training2022","status":"publish","type":"page","link":"https:\/\/genderjourney.eu\/en\/events-2022\/training2022\/","title":{"rendered":"International training (SE)"},"content":{"rendered":"<h3><strong><span class=\"vk_inline-font-size\" data-fontsize=\"21px\" data-rich-text-format-boundary=\"true\">I International Training on Gender Equality<\/span><\/strong><\/h3>\n<p style=\"text-align: justify;\"><strong>\"Gender journey and young women empowerment programme 2022\"<\/strong><br data-rich-text-line-break=\"true\"><strong>15-17th of September 2022, G\u00f6teborg, Sweden<\/strong><br \/><br data-rich-text-line-break=\"true\"><strong>The main goal of international training is to provide constructive knowledge and skills on gender equality in the education system to ensure early intervention in the perpetuation of prejudices and stereotypes.&nbsp;<\/strong>On the first international training we will improve youth and educators competences and gain new skills on gender equality, pay gap, equal treatment, family models, and gender roles questions and allow participants to be multipliers. In the frame of the partners meeting we will begin development of Educational Toolkit and Web-resource. Also, experts will have a discussion about the impact of gender equality and equal treatment in policy making, social life and interrelation with formal, non-formal education and learning processes in relation with SDG themes. Meeting will be based on norm criticism, 4R and active participation methods and it\u2019s dedicated for active young people &amp; educators. Training will provide necessary basic skills and knowledge of students and educators on gender equality and discover link between power relations and norms. We will combine norm criticism with other tools and methods (GET, the Staircase Models, or the 4R). Also we will conduct a meeting of partners and experts who will work on developing educational toolkits and web-resource as main practical outcome of the project.<\/p>\n\n\n<p><strong><span data-fontsize=\"21px\" style=\"font-size: 21px;\" class=\"vk_inline-font-size\"><mark style=\"background-color:rgba(0, 0, 0, 0)\" class=\"has-inline-color has-vk-color-primary-dark-color\">AGENDA <\/mark><\/span><\/strong><\/p>\n\n\n\n<p><strong><mark style=\"background-color:rgba(0, 0, 0, 0)\" class=\"has-inline-color has-vk-color-primary-vivid-color\">15th of September 2022, G\u00f6teborg, Sweden <br>Arrival and working day I - Venue: Burg\u00e5rdens Gymnasium<\/mark><\/strong> (Sk\u00e5negatan 20, 412 51 G\u00f6teborg) and Zoom <br>12.00 - 12.45 Arrival in School and Lunch <br>12.45 - 13.00 Meeting with project partner\u2019s teams (Sweden, Finland, Denmark and Estonia) <br>13.00 - 13.45 Meeting of youth with each other and discussions in groups: on Why we need gender equality? <br>14.00 - 15.30 Workshop \u201cGender Journey at school\u201d (stereotype game, values game, youth participation and engagement discussions, sharing best practices etc.) <br>15.30 - 16.00 Summary <\/p>\n\n\n\n<p><strong><mark style=\"background-color:rgba(0, 0, 0, 0)\" class=\"has-inline-color has-vk-color-primary-vivid-color\">16th of September 2022, G\u00f6teborg, Sweden Working day II - Venue: Burg\u00e5rdens Gymnasium<\/mark><\/strong> (S\u00f6dra v\u00e4gen 54, G\u00f6teborg)<br><strong>10:00 \u2013 10:30 Introduction into Gender Equality and Equal treatment questions and documents<\/strong> - Reet Laja, The Estonian Women\u2019s Studies and Resource Centre<br><strong>10:30 \u2013 11:00 The situation of gender equality in Nordic states<\/strong> - Laura Hagstr\u00f6m, Ekvalita, Finland<br><strong>11:00 \u2013 11:30 Norm criticism &amp; 3R method presentation<\/strong> - Malin Gustavsson, Ekvalita, Finland<br><strong>11:30 - 12:00 Reducing gender inequality and the role of young people in achievement of SDGs <\/strong>- Ivan Vasilevskikh and Alejandra Cordero Hansen - Copenhagen Business Academy students<br>13:00 - 14:00 Lunch<br><strong>14:00 - 14:30 Meedia and Gender equality <\/strong>- Barbi Pilvre Strongard, Tallinn University Researcher<br><strong>14:30<\/strong><strong> - 14:45 Gender equality and equal treatment in education: from theory into practice<\/strong> - Susanne Kallanvaara, Burg\u00e5rdens Gymnasium <br>14:45 - 15:00 Discussion in working groups (Gathering of materials for toolkit)<br><strong>15:00 \u2013 15:45 Gender segregation in education and the labor market in example of Finland<\/strong> - Virve Savoila, Ekvalita, Finland<br>14:45 - 15:00 Discussion in working groups (Gathering and production of materials for toolkit)<br>16:00 \u2013 16:15 Coffee break<br><strong>16:15 - 16:45 Gender equality and equal treatment through license of civil society<\/strong> - Mashuda Rahman, The Salvation Army, Finland<br>16:45 - 17:00 Discussion in working groups (Gathering and production of materials for toolkit)<br>17:00 - 17:30 Summary and follow up activities<br>19:00 Dinner in the Hotel and Free time<\/p>\n\n\n\n<p><strong><mark style=\"background-color:rgba(0, 0, 0, 0)\" class=\"has-inline-color has-vk-color-primary-vivid-color\">17th of September 2022, G\u00f6teborg, Sweden Working day III - Venue: Apple Hotel<\/mark><\/strong> (Torpavallsgatan 6, 416 73 Gothenburg, Sweden)<br>10:00 - 11:00 How to decrease gender-based violence in our countries: at home, at school, at work (discussion in the working groups)<br>11.00 \u2013 12.00 Summary and conclusions by youth and experts Departure<\/p>\n\n\n\n<p><strong><mark style=\"background-color:rgba(0, 0, 0, 0)\" class=\"has-inline-color has-vk-color-primary-color\">Materials:<\/mark><\/strong><\/p>\n\n\n\n<div class=\"wp-block-file\"><a id=\"wp-block-file--media-d3653a38-00aa-4218-9291-a55ae1a20e4b\" href=\"https:\/\/genderjourney.eu\/wp-content\/uploads\/2022\/08\/I-Transnational-partners-and-experts-training-Gender-Jorney-2022-Sweden.pdf\">I Transnational partners and experts training Gender Journey 2022, Sweden<\/a><a href=\"https:\/\/genderjourney.eu\/wp-content\/uploads\/2022\/08\/I-Transnational-partners-and-experts-training-Gender-Jorney-2022-Sweden.pdf\" class=\"wp-block-file__button wp-element-button\" download aria-describedby=\"wp-block-file--media-d3653a38-00aa-4218-9291-a55ae1a20e4b\">Download<\/a><\/div>\n\n\n\n<div class=\"wp-block-file\"><a id=\"wp-block-file--media-11597c59-5a5d-4d77-825d-375b2cd03330\" href=\"https:\/\/genderjourney.eu\/wp-content\/uploads\/2022\/09\/I-International-Training-on-Gender-Equality-Goteburg16.09.22-R.Laja-ENUT.ppt\">I International Training on Gender Equality, Reet.Laja, ENUT, pptx<\/a><a href=\"https:\/\/genderjourney.eu\/wp-content\/uploads\/2022\/09\/I-International-Training-on-Gender-Equality-Goteburg16.09.22-R.Laja-ENUT.ppt\" class=\"wp-block-file__button wp-element-button\" download aria-describedby=\"wp-block-file--media-11597c59-5a5d-4d77-825d-375b2cd03330\">Download<\/a><\/div>\n\n\n\n<div class=\"wp-block-file\"><a id=\"wp-block-file--media-ab738bb4-2aa8-419b-adab-474bdfff9b85\" href=\"https:\/\/genderjourney.eu\/wp-content\/uploads\/2022\/09\/Media-gender-and-gender-equality-policies-16.09.2022-Goteborg.pdf\">Media gender and gender equality policies, Barbi Pilvre, pdf<\/a><a href=\"https:\/\/genderjourney.eu\/wp-content\/uploads\/2022\/09\/Media-gender-and-gender-equality-policies-16.09.2022-Goteborg.pdf\" class=\"wp-block-file__button wp-element-button\" download aria-describedby=\"wp-block-file--media-ab738bb4-2aa8-419b-adab-474bdfff9b85\">Download<\/a><\/div>\n\n\n\n<div class=\"wp-block-file\"><a id=\"wp-block-file--media-4643cab0-f09f-4d0c-957b-2aeba7e07f7f\" href=\"https:\/\/genderjourney.eu\/wp-content\/uploads\/2022\/10\/2022-09-16-Gender-segregation-in-education-and-the-labour-market.pdf\">Gender segregation in education and the labour market, Virve Savoila, pdf<\/a><a href=\"https:\/\/genderjourney.eu\/wp-content\/uploads\/2022\/10\/2022-09-16-Gender-segregation-in-education-and-the-labour-market.pdf\" class=\"wp-block-file__button wp-element-button\" download aria-describedby=\"wp-block-file--media-4643cab0-f09f-4d0c-957b-2aeba7e07f7f\">Download<\/a><\/div>\n\n\n\n<div class=\"wp-block-file\"><a id=\"wp-block-file--media-7a84c8e1-96bd-450e-91e5-44c761c7bc5c\" href=\"https:\/\/genderjourney.eu\/wp-content\/uploads\/2022\/10\/2022-09-Gender-Equality-in-Nordic-States.pdf\">Gender Equality in Nordic States, Laura Hagstr\u00f6m, pdf<\/a><a href=\"https:\/\/genderjourney.eu\/wp-content\/uploads\/2022\/10\/2022-09-Gender-Equality-in-Nordic-States.pdf\" class=\"wp-block-file__button wp-element-button\" download aria-describedby=\"wp-block-file--media-7a84c8e1-96bd-450e-91e5-44c761c7bc5c\">Download<\/a><\/div>\n\n\n\n<div class=\"wp-block-file\"><a id=\"wp-block-file--media-866880ba-c6d3-45c8-8986-979ff7e7a14a\" href=\"https:\/\/genderjourney.eu\/wp-content\/uploads\/2022\/10\/2022-09-Gender-Journey-Norm-critical-approach-and-4R.pdf\">Gender Journey Norm Critical approach and 4R, Malin Guvstavsson, pdf<\/a><a href=\"https:\/\/genderjourney.eu\/wp-content\/uploads\/2022\/10\/2022-09-Gender-Journey-Norm-critical-approach-and-4R.pdf\" class=\"wp-block-file__button wp-element-button\" download aria-describedby=\"wp-block-file--media-866880ba-c6d3-45c8-8986-979ff7e7a14a\">Download<\/a><\/div>\n","protected":false},"excerpt":{"rendered":"<p>I International Training on Gender Equality \"Gender journey and young women empowerment programme 2022\"15-17th of September 2022, G\u00f6teborg, SwedenThe main goal of international training is to provide constructive knowledge and skills on gender equality in the education system to ensure early intervention in the perpetuation of prejudices and stereotypes.&nbsp;On the first international training we will [&hellip;]<\/p>\n","protected":false},"author":1,"featured_media":0,"parent":1795,"menu_order":3,"comment_status":"closed","ping_status":"closed","template":"","meta":{"_editorskit_title_hidden":false,"_editorskit_reading_time":2,"_editorskit_is_block_options_detached":false,"_editorskit_block_options_position":"{}","ngg_post_thumbnail":0,"vkexunit_cta_each_option":"","footnotes":""},"class_list":["post-73","page","type-page","status-publish","hentry"],"_links":{"self":[{"href":"https:\/\/genderjourney.eu\/en\/wp-json\/wp\/v2\/pages\/73","targetHints":{"allow":["GET"]}}],"collection":[{"href":"https:\/\/genderjourney.eu\/en\/wp-json\/wp\/v2\/pages"}],"about":[{"href":"https:\/\/genderjourney.eu\/en\/wp-json\/wp\/v2\/types\/page"}],"author":[{"embeddable":true,"href":"https:\/\/genderjourney.eu\/en\/wp-json\/wp\/v2\/users\/1"}],"replies":[{"embeddable":true,"href":"https:\/\/genderjourney.eu\/en\/wp-json\/wp\/v2\/comments?post=73"}],"version-history":[{"count":12,"href":"https:\/\/genderjourney.eu\/en\/wp-json\/wp\/v2\/pages\/73\/revisions"}],"predecessor-version":[{"id":1792,"href":"https:\/\/genderjourney.eu\/en\/wp-json\/wp\/v2\/pages\/73\/revisions\/1792"}],"up":[{"embeddable":true,"href":"https:\/\/genderjourney.eu\/en\/wp-json\/wp\/v2\/pages\/1795"}],"wp:attachment":[{"href":"https:\/\/genderjourney.eu\/en\/wp-json\/wp\/v2\/media?parent=73"}],"curies":[{"name":"wp","href":"https:\/\/api.w.org\/{rel}","templated":true}]}}