{"id":1797,"date":"2023-09-12T14:13:33","date_gmt":"2023-09-12T14:13:33","guid":{"rendered":"https:\/\/genderjourney.eu\/?page_id=1797"},"modified":"2024-01-06T13:20:13","modified_gmt":"2024-01-06T13:20:13","slug":"materials","status":"publish","type":"page","link":"https:\/\/genderjourney.eu\/en\/materials\/","title":{"rendered":"Materials"},"content":{"rendered":"\n<p>TRAINING SESSION, PRESENTAIONS <\/p>\n\n\n\n<div class=\"wp-block-file\"><a id=\"wp-block-file--media-1f0c2854-3ad9-424a-8bee-dcd04e9c2957\" href=\"https:\/\/genderjourney.eu\/wp-content\/uploads\/2024\/01\/How-to-reduce-gender-inequality.pptx\"><strong>How to reduce gender inequality<\/strong>, 19.10.2023<\/a><a href=\"https:\/\/genderjourney.eu\/wp-content\/uploads\/2024\/01\/How-to-reduce-gender-inequality.pptx\" class=\"wp-block-file__button wp-element-button\" download aria-describedby=\"wp-block-file--media-1f0c2854-3ad9-424a-8bee-dcd04e9c2957\">Laadi alla<\/a><\/div>\n\n\n\n<div class=\"wp-block-file\"><a id=\"wp-block-file--media-763a17b5-70b8-4856-8d7a-d5b1f7938fee\" href=\"https:\/\/genderjourney.eu\/wp-content\/uploads\/2024\/01\/ENUT-ettekanne-19.10.23-Paldiski.ppt\"><strong>Soolise v\u00f5rd\u00f5iguslikkuse edendamine\u00a0Eestis\u00a0ja ENUTis<\/strong>, Reet Laja,<strong>\u00a0<\/strong>19.10.2023<\/a><a href=\"https:\/\/genderjourney.eu\/wp-content\/uploads\/2024\/01\/ENUT-ettekanne-19.10.23-Paldiski.ppt\" class=\"wp-block-file__button wp-element-button\" download aria-describedby=\"wp-block-file--media-763a17b5-70b8-4856-8d7a-d5b1f7938fee\">Laadi alla<\/a><\/div>\n\n\n\n<div class=\"wp-block-file\"><a id=\"wp-block-file--media-097ced76-8be0-4b9a-a156-4dafe76e8f89\" href=\"https:\/\/genderjourney.eu\/wp-content\/uploads\/2024\/01\/Varioppekava.19.10.2023.Riina-Kutt.pptx\"><strong>Vari\u00f5ppekava&nbsp;ja&nbsp;v\u00f5rdsedv\u00f5imalused<\/strong>, Riina-Kutt, 19.10.2023<\/a><a href=\"https:\/\/genderjourney.eu\/wp-content\/uploads\/2024\/01\/Varioppekava.19.10.2023.Riina-Kutt.pptx\" class=\"wp-block-file__button wp-element-button\" download aria-describedby=\"wp-block-file--media-097ced76-8be0-4b9a-a156-4dafe76e8f89\">Laadi alla<\/a><\/div>\n\n\n\n<div class=\"wp-block-file\"><a id=\"wp-block-file--media-45c60ae3-c120-49e6-9f8c-ac9a2280f201\" href=\"https:\/\/genderjourney.eu\/wp-content\/uploads\/2024\/01\/Programmi-tutvustus-Paldiskis-V.Golikov.pptx\"><strong>Sooteadlik noor ja koolipere: mis ja milleks?<\/strong>, Vassili Golikov, 19.10.2023<\/a><a href=\"https:\/\/genderjourney.eu\/wp-content\/uploads\/2024\/01\/Programmi-tutvustus-Paldiskis-V.Golikov.pptx\" class=\"wp-block-file__button wp-element-button\" download aria-describedby=\"wp-block-file--media-45c60ae3-c120-49e6-9f8c-ac9a2280f201\">Laadi alla<\/a><\/div>\n","protected":false},"excerpt":{"rendered":"<p>TRAINING SESSION, PRESENTAIONS<\/p>\n","protected":false},"author":1,"featured_media":0,"parent":0,"menu_order":0,"comment_status":"closed","ping_status":"closed","template":"","meta":{"_editorskit_title_hidden":false,"_editorskit_reading_time":0,"_editorskit_is_block_options_detached":false,"_editorskit_block_options_position":"{}","ngg_post_thumbnail":0,"vkexunit_cta_each_option":"","footnotes":""},"class_list":["post-1797","page","type-page","status-publish","hentry"],"_links":{"self":[{"href":"https:\/\/genderjourney.eu\/en\/wp-json\/wp\/v2\/pages\/1797","targetHints":{"allow":["GET"]}}],"collection":[{"href":"https:\/\/genderjourney.eu\/en\/wp-json\/wp\/v2\/pages"}],"about":[{"href":"https:\/\/genderjourney.eu\/en\/wp-json\/wp\/v2\/types\/page"}],"author":[{"embeddable":true,"href":"https:\/\/genderjourney.eu\/en\/wp-json\/wp\/v2\/users\/1"}],"replies":[{"embeddable":true,"href":"https:\/\/genderjourney.eu\/en\/wp-json\/wp\/v2\/comments?post=1797"}],"version-history":[{"count":3,"href":"https:\/\/genderjourney.eu\/en\/wp-json\/wp\/v2\/pages\/1797\/revisions"}],"predecessor-version":[{"id":2472,"href":"https:\/\/genderjourney.eu\/en\/wp-json\/wp\/v2\/pages\/1797\/revisions\/2472"}],"wp:attachment":[{"href":"https:\/\/genderjourney.eu\/en\/wp-json\/wp\/v2\/media?parent=1797"}],"curies":[{"name":"wp","href":"https:\/\/api.w.org\/{rel}","templated":true}]}}